{"id":31,"date":"2024-05-29T13:11:36","date_gmt":"2024-05-29T11:11:36","guid":{"rendered":"https:\/\/ctrsolutions.pl\/?page_id=31"},"modified":"2026-03-31T15:12:03","modified_gmt":"2026-03-31T13:12:03","slug":"31-2","status":"publish","type":"page","link":"https:\/\/ctrsolutions.pl\/","title":{"rendered":"Strona g\u0142owna"},"content":{"rendered":"<p>[et_pb_section fb_built=&#8221;1&#8243; admin_label=&#8221;Header&#8221; _builder_version=&#8221;4.27.6&#8243; _module_preset=&#8221;default&#8221; background_color=&#8221;rgba(170,130,107,0.23)&#8221; use_background_color_gradient=&#8221;on&#8221; background_color_gradient_direction=&#8221;90deg&#8221; background_color_gradient_stops=&#8221;#ffffff 65%|rgba(255,255,255,0) 65%&#8221; background_color_gradient_overlays_image=&#8221;on&#8221; background_enable_image=&#8221;off&#8221; custom_padding=&#8221;0vw||0vw||true|false&#8221; hover_enabled=&#8221;0&#8243; background_last_edited=&#8221;on|tablet&#8221; background_color_gradient_direction_tablet=&#8221;180deg&#8221; locked=&#8221;off&#8221; collapsed=&#8221;off&#8221; global_colors_info=&#8221;{}&#8221; sticky_enabled=&#8221;0&#8243;][et_pb_row column_structure=&#8221;1_2,1_2&#8243; _builder_version=&#8221;4.25.1&#8243; _module_preset=&#8221;default&#8221; z_index=&#8221;1&#8243; global_colors_info=&#8221;{}&#8221; custom_padding=&#8221;||1px|0px||&#8221; min_height=&#8221;1076.5px&#8221;][et_pb_column type=&#8221;1_2&#8243; _builder_version=&#8221;4.20.0&#8243; _module_preset=&#8221;default&#8221; z_index=&#8221;10&#8243; z_index_tablet=&#8221;2&#8243; z_index_phone=&#8221;2&#8243; z_index_last_edited=&#8221;on|tablet&#8221; global_colors_info=&#8221;{}&#8221;][et_pb_image src=&#8221;https:\/\/ctrsolutions.pl\/wp-content\/uploads\/2026\/03\/WUi9K.jpg&#8221; title_text=&#8221;WUi9K&#8221; _builder_version=&#8221;4.27.6&#8243; _module_preset=&#8221;default&#8221; width=&#8221;81.6%&#8221; custom_margin=&#8221;|0px|45px||false|false&#8221; custom_padding=&#8221;0px|0px|0px|0px|true|true&#8221; hover_enabled=&#8221;0&#8243; locked=&#8221;off&#8221; global_colors_info=&#8221;{}&#8221; sticky_enabled=&#8221;0&#8243;][\/et_pb_image][et_pb_button button_url=&#8221;https:\/\/calendly.com\/martalenarczyk\/30min&#8221; url_new_window=&#8221;on&#8221; button_text=&#8221;Zobacz pe\u0142n\u0105 ofert\u0119&#8221; _builder_version=&#8221;4.27.6&#8243; _module_preset=&#8221;7a0419db-7385-46d9-b8bd-d6144c66c5ec&#8221; hover_enabled=&#8221;0&#8243; box_shadow_style=&#8221;preset1&#8243; global_colors_info=&#8221;{}&#8221; custom_margin=&#8221;|||-107px||&#8221; button_alignment=&#8221;center&#8221; sticky_enabled=&#8221;0&#8243;][\/et_pb_button][et_pb_text _builder_version=&#8221;4.25.1&#8243; _module_preset=&#8221;ec6e1a1f-66f0-42f4-a042-558f4db05cfe&#8221; text_font_size=&#8221;29px&#8221; text_line_height=&#8221;1.3em&#8221; header_4_font_size=&#8221;25px&#8221; header_4_letter_spacing=&#8221;3px&#8221; header_4_line_height=&#8221;1.5em&#8221; custom_padding=&#8221;||48px|||&#8221; global_colors_info=&#8221;{}&#8221;]<\/p>\n<h4>centrum terapii i rozwi\u0105za\u0144 solutions<\/h4>\n<h2><span style=\"font-size: large;\">W Centrum Terapii i Rozwi\u0105za\u0144 pomagamy osobom, kt\u00f3re przechodz\u0105 przez kryzys, do\u015bwiadczaj\u0105 napi\u0119cia emocjonalnego, trudno\u015bci w relacjach lub chc\u0105 lepiej zrozumie\u0107 siebie i swoje potrzeby. <\/span><\/h2>\n<h2><span style=\"font-size: large;\"><\/span><\/h2>\n<h2><span style=\"font-size: large;\">Pracujemy z m\u0142odzie\u017c\u0105, doros\u0142ymi, parami i rodzinami, \u0142\u0105cz\u0105c terapi\u0119, diagnoz\u0119 psychologiczn\u0105 oraz wsparcie rozwojowe.<\/span><\/h2>\n<p>&nbsp;<\/p>\n<p>[\/et_pb_text][\/et_pb_column][et_pb_column type=&#8221;1_2&#8243; _builder_version=&#8221;4.20.0&#8243; _module_preset=&#8221;default&#8221; global_colors_info=&#8221;{}&#8221;][et_pb_text _builder_version=&#8221;4.20.0&#8243; _module_preset=&#8221;c48aa5ab-9b71-4d87-ac8a-5ea7e377c953&#8243; global_colors_info=&#8221;{}&#8221; custom_margin=&#8221;|||-103px||&#8221; custom_padding=&#8221;72px|||||&#8221;]<\/p>\n<h1>wspieramy w poszukiwaniu u\u017cytecznych rozwi\u0105za\u0144<\/h1>\n<p>[\/et_pb_text][et_pb_text _builder_version=&#8221;4.27.6&#8243; _module_preset=&#8221;767b48aa-c47f-4020-9fb4-2461a66294d0&#8243; custom_padding=&#8221;||7px|||&#8221; hover_enabled=&#8221;0&#8243; global_colors_info=&#8221;{}&#8221; width=&#8221;99.2%&#8221; custom_margin=&#8221;|||-105px||&#8221; min_height=&#8221;73.4px&#8221; sticky_enabled=&#8221;0&#8243;]<\/p>\n<h2><span style=\"font-size: x-large; color: #3d3d3d;\">Wsparcie psychologiczne, terapia i diagnoza \u2014 dla m\u0142odzie\u017cy, doros\u0142ych, par i rodzin.<\/span><\/h2>\n<p>[\/et_pb_text][et_pb_button button_url=&#8221;https:\/\/calendly.com\/martalenarczyk\/30min&#8221; url_new_window=&#8221;on&#8221; button_text=&#8221;Um\u00f3w si\u0119 na rozmow\u0119 wst\u0119pn\u0105&#8221; _builder_version=&#8221;4.27.6&#8243; _module_preset=&#8221;7a0419db-7385-46d9-b8bd-d6144c66c5ec&#8221; hover_enabled=&#8221;0&#8243; box_shadow_style=&#8221;preset1&#8243; global_colors_info=&#8221;{}&#8221; custom_margin=&#8221;|||-107px||&#8221; button_alignment=&#8221;left&#8221; sticky_enabled=&#8221;0&#8243;][\/et_pb_button][\/et_pb_column][\/et_pb_row][\/et_pb_section][et_pb_section fb_built=&#8221;1&#8243; admin_label=&#8221;Testimonial&#8221; _builder_version=&#8221;4.27.6&#8243; _module_preset=&#8221;default&#8221; background_color=&#8221;rgba(117,86,0,0.08)&#8221; custom_padding=&#8221;0px||0px||true|false&#8221; locked=&#8221;off&#8221; collapsed=&#8221;on&#8221; global_colors_info=&#8221;{}&#8221;][et_pb_row column_structure=&#8221;1_2,1_2&#8243; make_equal=&#8221;on&#8221; _builder_version=&#8221;4.20.0&#8243; _module_preset=&#8221;default&#8221; custom_padding=&#8221;51px||51px||true|false&#8221; global_colors_info=&#8221;{}&#8221;][et_pb_column type=&#8221;1_2&#8243; _builder_version=&#8221;4.20.0&#8243; _module_preset=&#8221;default&#8221; global_colors_info=&#8221;{}&#8221;][et_pb_image src=&#8221;https:\/\/ctrsolutions.pl\/wp-content\/uploads\/2024\/05\/blonde-826027_1280.jpg&#8221; title_text=&#8221;blonde-826027_1280&#8243; _builder_version=&#8221;4.27.6&#8243; _module_preset=&#8221;default&#8221; background_color=&#8221;#af2300&#8243; custom_margin_tablet=&#8221;|-10vw||-10vw|false|true&#8221; custom_margin_last_edited=&#8221;off|desktop&#8221; border_color_all=&#8221;#293B45&#8243; border_width_top=&#8221;3vw&#8221; border_width_right=&#8221;3vw&#8221; border_width_top_tablet=&#8221;10vw&#8221; border_width_top_phone=&#8221;10vw&#8221; border_width_top_last_edited=&#8221;on|tablet&#8221; border_width_right_tablet=&#8221;10vw&#8221; border_width_right_phone=&#8221;10vw&#8221; border_width_right_last_edited=&#8221;on|tablet&#8221; locked=&#8221;off&#8221; global_colors_info=&#8221;{}&#8221;][\/et_pb_image][\/et_pb_column][et_pb_column type=&#8221;1_2&#8243; _builder_version=&#8221;4.20.0&#8243; _module_preset=&#8221;default&#8221; custom_padding=&#8221;12%||||false|false&#8221; global_colors_info=&#8221;{}&#8221;][et_pb_text _builder_version=&#8221;4.20.0&#8243; _module_preset=&#8221;16578920-5284-4d12-bfc5-f9da6b66e30a&#8221; global_colors_info=&#8221;{}&#8221;]<\/p>\n<h2>Dla kogo jeste\u015bmy?<\/h2>\n<p>[\/et_pb_text][et_pb_text _builder_version=&#8221;4.25.1&#8243; _module_preset=&#8221;767b48aa-c47f-4020-9fb4-2461a66294d0&#8243; text_font_size=&#8221;12px&#8221; global_colors_info=&#8221;{}&#8221; inline_fonts=&#8221;Abhaya Libre&#8221;]<\/p>\n<h2><span style=\"font-size: x-large;\">Pomagamy wtedy, gdy trudno jest poradzi\u0107 sobie samemu oraz, gdy chcesz zadba\u0107 o siebie wcze\u015bniej<\/span><\/h2>\n<p><span style=\"font-size: x-large;\"><\/span><\/p>\n<p><span style=\"font-size: x-large;\"><\/span><\/p>\n<p><span style=\"font-size: large; font-family: inherit; font-weight: normal;\">Nie musisz czeka\u0107 na moment skrajnego kryzysu, \u017ceby si\u0119gn\u0105\u0107 po pomoc. Wspieramy zar\u00f3wno osoby, kt\u00f3re do\u015bwiadczaj\u0105 l\u0119ku, obni\u017conego nastroju, konflikt\u00f3w czy przeci\u0105\u017cenia, jak i tych, kt\u00f3rzy chc\u0105 rozwija\u0107 odporno\u015b\u0107 psychiczn\u0105, lepiej regulowa\u0107 emocje, poprawi\u0107 komunikacj\u0119 w rodzinie i budowa\u0107 bardziej wspieraj\u0105ce relacje.<\/span><\/p>\n<p>&nbsp;<\/p>\n<p>[\/et_pb_text][et_pb_button button_text=&#8221;Wybierz obszar wsparcia&#8221; _builder_version=&#8221;4.27.6&#8243; _module_preset=&#8221;7a0419db-7385-46d9-b8bd-d6144c66c5ec&#8221; button_text_size=&#8221;17px&#8221; button_text_color=&#8221;#000000&#8243; button_bg_color=&#8221;RGBA(255,255,255,0)&#8221; button_border_color=&#8221;RGBA(255,255,255,0)&#8221; button_icon=&#8221;&#x24;||divi||400&#8243; custom_margin=&#8221;30px||||false|false&#8221; custom_padding=&#8221;6px|24px|6px|24px|true|true&#8221; hover_enabled=&#8221;0&#8243; box_shadow_style=&#8221;preset1&#8243; global_colors_info=&#8221;{}&#8221; sticky_enabled=&#8221;0&#8243;][\/et_pb_button][\/et_pb_column][\/et_pb_row][\/et_pb_section][et_pb_section fb_built=&#8221;1&#8243; admin_label=&#8221;Services&#8221; _builder_version=&#8221;4.25.1&#8243; _module_preset=&#8221;default&#8221; background_color=&#8221;gcid-1c7f682d-c09a-42e9-8b1c-535ba676533f&#8221; custom_margin=&#8221;2px|||||&#8221; locked=&#8221;off&#8221; collapsed=&#8221;on&#8221; global_colors_info=&#8221;{%22gcid-1c7f682d-c09a-42e9-8b1c-535ba676533f%22:%91%22background_color%22%93}&#8221;][et_pb_row _builder_version=&#8221;4.20.0&#8243; _module_preset=&#8221;default&#8221; global_colors_info=&#8221;{}&#8221;][et_pb_column type=&#8221;4_4&#8243; _builder_version=&#8221;4.20.0&#8243; _module_preset=&#8221;default&#8221; global_colors_info=&#8221;{}&#8221;][et_pb_text _builder_version=&#8221;4.25.1&#8243; _module_preset=&#8221;ec6e1a1f-66f0-42f4-a042-558f4db05cfe&#8221; global_colors_info=&#8221;{}&#8221;]<\/p>\n<h4>nasza oferta<\/h4>\n<p>[\/et_pb_text][\/et_pb_column][\/et_pb_row][et_pb_row column_structure=&#8221;3_5,2_5&#8243; _builder_version=&#8221;4.27.6&#8243; _module_preset=&#8221;default&#8221; hover_enabled=&#8221;0&#8243; border_color_all=&#8221;rgba(41,59,69,0.3)&#8221; border_width_bottom=&#8221;2px&#8221; global_colors_info=&#8221;{}&#8221; sticky_enabled=&#8221;0&#8243;][et_pb_column type=&#8221;3_5&#8243; _builder_version=&#8221;4.20.0&#8243; _module_preset=&#8221;default&#8221; hover_enabled=&#8221;0&#8243; global_colors_info=&#8221;{}&#8221; sticky_enabled=&#8221;0&#8243;][et_pb_blurb title=&#8221;Terapia&#8221; url=&#8221;#&#8221; use_icon=&#8221;on&#8221; font_icon=&#8221;&#xe030;||divi||400&#8243; icon_color=&#8221;#0C71C3&#8243; _builder_version=&#8221;4.25.1&#8243; _module_preset=&#8221;21187e73-47b4-477e-a85e-5f44a300e21c&#8221; locked=&#8221;off&#8221; global_colors_info=&#8221;{%22gcid-606d042f-c90f-4ea6-97e7-7b08f1ba25f6%22:%91%22header_2_text_color%22,%22header_2_text_color%22%93}&#8221; transform_styles__hover_enabled=&#8221;on|hover&#8221; transform_scale__hover=&#8221;102%|102%&#8221; transform_scale__hover_enabled=&#8221;on|hover&#8221; transform_translate__hover_enabled=&#8221;on|desktop&#8221; transform_rotate__hover_enabled=&#8221;on|desktop&#8221; transform_skew__hover_enabled=&#8221;on|desktop&#8221; transform_origin__hover_enabled=&#8221;on|desktop&#8221; custom_padding=&#8221;|89px||||&#8221;][\/et_pb_blurb][\/et_pb_column][et_pb_column type=&#8221;2_5&#8243; _builder_version=&#8221;4.20.0&#8243; _module_preset=&#8221;default&#8221; global_colors_info=&#8221;{}&#8221;][et_pb_text _builder_version=&#8221;4.27.6&#8243; _module_preset=&#8221;2bc1eaff-5828-475f-8b67-a001aaaea151&#8243; hover_enabled=&#8221;0&#8243; global_colors_info=&#8221;{}&#8221; sticky_enabled=&#8221;0&#8243;]<\/p>\n<p><span style=\"font-size: large;\">Pomoc dla os\u00f3b, kt\u00f3re do\u015bwiadczaj\u0105 trudno\u015bci emocjonalnych, kryzysu, napi\u0119cia, problem\u00f3w w relacjach lub chc\u0105 lepiej zrozumie\u0107 siebie i wprowadzi\u0107 trwa\u0142\u0105 zmian\u0119 w swoim \u017cyciu.<\/span><\/p>\n<p>[\/et_pb_text][\/et_pb_column][\/et_pb_row][et_pb_row column_structure=&#8221;3_5,2_5&#8243; _builder_version=&#8221;4.20.0&#8243; _module_preset=&#8221;default&#8221; border_color_all=&#8221;rgba(41,59,69,0.3)&#8221; border_width_bottom=&#8221;2px&#8221; global_colors_info=&#8221;{}&#8221;][et_pb_column type=&#8221;3_5&#8243; _builder_version=&#8221;4.20.0&#8243; _module_preset=&#8221;default&#8221; global_colors_info=&#8221;{}&#8221;][et_pb_blurb title=&#8221;Konsultacje psychologiczne&#8221; use_icon=&#8221;on&#8221; font_icon=&#8221;&#xe009;||divi||400&#8243; icon_color=&#8221;#0C71C3&#8243; _builder_version=&#8221;4.25.1&#8243; _module_preset=&#8221;21187e73-47b4-477e-a85e-5f44a300e21c&#8221; link_option_url=&#8221;#&#8221; locked=&#8221;off&#8221; global_colors_info=&#8221;{%22gcid-606d042f-c90f-4ea6-97e7-7b08f1ba25f6%22:%91%22header_2_text_color%22%93}&#8221; header_text_color__hover_enabled=&#8221;on|hover&#8221; header_text_color__hover=&#8221;&#8221; transform_styles__hover_enabled=&#8221;on|hover&#8221; transform_scale__hover_enabled=&#8221;on|hover&#8221; transform_translate__hover_enabled=&#8221;on|desktop&#8221; transform_rotate__hover_enabled=&#8221;on|desktop&#8221; transform_skew__hover_enabled=&#8221;on|desktop&#8221; transform_origin__hover_enabled=&#8221;on|desktop&#8221; transform_scale__hover=&#8221;102%|102%&#8221;][\/et_pb_blurb][\/et_pb_column][et_pb_column type=&#8221;2_5&#8243; _builder_version=&#8221;4.20.0&#8243; _module_preset=&#8221;default&#8221; global_colors_info=&#8221;{}&#8221;][et_pb_text _builder_version=&#8221;4.27.6&#8243; _module_preset=&#8221;2bc1eaff-5828-475f-8b67-a001aaaea151&#8243; hover_enabled=&#8221;0&#8243; global_colors_info=&#8221;{}&#8221; sticky_enabled=&#8221;0&#8243;]<\/p>\n<p data-start=\"388\" data-end=\"575\"><span style=\"font-size: large;\">Forma pomocy skoncentrowana na uporz\u0105dkowaniu bie\u017c\u0105cych trudno\u015bci, wzmocnieniu zasob\u00f3w i znalezieniu sposob\u00f3w radzenia sobie w wymagaj\u0105cej sytuacji \u017cyciowej.<\/span><\/p>\n<p data-start=\"577\" data-end=\"777\">\n<p>[\/et_pb_text][\/et_pb_column][\/et_pb_row][et_pb_row column_structure=&#8221;3_5,2_5&#8243; _builder_version=&#8221;4.20.0&#8243; _module_preset=&#8221;default&#8221; border_color_all=&#8221;rgba(41,59,69,0.3)&#8221; border_width_bottom=&#8221;2px&#8221; global_colors_info=&#8221;{}&#8221;][et_pb_column type=&#8221;3_5&#8243; _builder_version=&#8221;4.20.0&#8243; _module_preset=&#8221;default&#8221; global_colors_info=&#8221;{}&#8221;][et_pb_blurb title=&#8221;Diagnoza&#8221; url=&#8221;#&#8221; use_icon=&#8221;on&#8221; font_icon=&#8221;&#xe102;||divi||400&#8243; icon_color=&#8221;#0C71C3&#8243; _builder_version=&#8221;4.25.1&#8243; _module_preset=&#8221;21187e73-47b4-477e-a85e-5f44a300e21c&#8221; locked=&#8221;off&#8221; global_colors_info=&#8221;{%22gcid-606d042f-c90f-4ea6-97e7-7b08f1ba25f6%22:%91%22header_2_text_color%22,%22header_2_text_color%22%93}&#8221; transform_styles__hover_enabled=&#8221;on|desktop&#8221; transform_scale__hover=&#8221;102%|102%&#8221; transform_scale__hover_enabled=&#8221;on|desktop&#8221; transform_translate__hover_enabled=&#8221;on|desktop&#8221; transform_rotate__hover_enabled=&#8221;on|desktop&#8221; transform_skew__hover_enabled=&#8221;on|desktop&#8221; transform_origin__hover_enabled=&#8221;on|desktop&#8221;][\/et_pb_blurb][\/et_pb_column][et_pb_column type=&#8221;2_5&#8243; _builder_version=&#8221;4.20.0&#8243; _module_preset=&#8221;default&#8221; global_colors_info=&#8221;{}&#8221;][et_pb_text _builder_version=&#8221;4.20.0&#8243; _module_preset=&#8221;2bc1eaff-5828-475f-8b67-a001aaaea151&#8243; global_colors_info=&#8221;{}&#8221;]<\/p>\n<p><span style=\"font-size: large;\">Proces, kt\u00f3ry pomaga lepiej zrozumie\u0107 \u017ar\u00f3d\u0142o trudno\u015bci, nazwa\u0107 ich charakter i dobra\u0107 najbardziej adekwatn\u0105 form\u0119 wsparcia lub terapii.<\/span><\/p>\n<p>[\/et_pb_text][\/et_pb_column][\/et_pb_row][et_pb_row column_structure=&#8221;3_5,2_5&#8243; _builder_version=&#8221;4.20.0&#8243; _module_preset=&#8221;default&#8221; border_color_all=&#8221;rgba(41,59,69,0.3)&#8221; border_width_bottom=&#8221;2px&#8221; global_colors_info=&#8221;{}&#8221;][et_pb_column type=&#8221;3_5&#8243; _builder_version=&#8221;4.20.0&#8243; _module_preset=&#8221;default&#8221; global_colors_info=&#8221;{}&#8221;][et_pb_blurb title=&#8221;Rozw\u00f3j osobisty&#8221; url=&#8221;#&#8221; use_icon=&#8221;on&#8221; font_icon=&#8221;&#xe031;||divi||400&#8243; icon_color=&#8221;#0C71C3&#8243; _builder_version=&#8221;4.25.1&#8243; _module_preset=&#8221;21187e73-47b4-477e-a85e-5f44a300e21c&#8221; locked=&#8221;off&#8221; global_colors_info=&#8221;{%22gcid-606d042f-c90f-4ea6-97e7-7b08f1ba25f6%22:%91%22header_2_text_color%22,%22header_2_text_color%22%93}&#8221; transform_styles__hover_enabled=&#8221;on|hover&#8221; transform_scale__hover=&#8221;102%|102%&#8221; transform_scale__hover_enabled=&#8221;on|hover&#8221; transform_translate__hover_enabled=&#8221;on|desktop&#8221; transform_rotate__hover_enabled=&#8221;on|desktop&#8221; transform_skew__hover_enabled=&#8221;on|desktop&#8221; transform_origin__hover_enabled=&#8221;on|desktop&#8221;][\/et_pb_blurb][\/et_pb_column][et_pb_column type=&#8221;2_5&#8243; _builder_version=&#8221;4.20.0&#8243; _module_preset=&#8221;default&#8221; global_colors_info=&#8221;{}&#8221;][et_pb_text _builder_version=&#8221;4.20.0&#8243; _module_preset=&#8221;2bc1eaff-5828-475f-8b67-a001aaaea151&#8243; global_colors_info=&#8221;{}&#8221;]<\/p>\n<p><span style=\"font-size: large;\">Praca nad odporno\u015bci\u0105 psychiczn\u0105, samoregulacj\u0105, komunikacj\u0105 i lepszym funkcjonowaniem na co dzie\u0144 \u2014 dla os\u00f3b, kt\u00f3re chc\u0105 \u015bwiadomie wzmacnia\u0107 swoje kompetencje psychologiczne i relacyjne.<\/span><\/p>\n<p>[\/et_pb_text][\/et_pb_column][\/et_pb_row][\/et_pb_section][et_pb_section fb_built=&#8221;1&#8243; admin_label=&#8221;Subscribe&#8221; _builder_version=&#8221;4.25.1&#8243; _module_preset=&#8221;default&#8221; background_color=&#8221;rgba(102,163,114,0.23)&#8221; background_image=&#8221;https:\/\/ctrsolutions.pl\/wp-content\/uploads\/2024\/05\/woman-7520626_1280.jpg&#8221; saved_tabs=&#8221;all&#8221; collapsed=&#8221;on&#8221; global_colors_info=&#8221;{}&#8221;][et_pb_row _builder_version=&#8221;4.27.6&#8243; _module_preset=&#8221;default&#8221; background_color=&#8221;rgba(196,162,123,0.84)&#8221; max_width=&#8221;700px&#8221; global_colors_info=&#8221;{}&#8221;][et_pb_column type=&#8221;4_4&#8243; _builder_version=&#8221;4.20.0&#8243; _module_preset=&#8221;default&#8221; global_colors_info=&#8221;{}&#8221;][et_pb_text _builder_version=&#8221;4.25.1&#8243; _module_preset=&#8221;16578920-5284-4d12-bfc5-f9da6b66e30a&#8221; text_text_color=&#8221;#FFFFFF&#8221; text_orientation=&#8221;center&#8221; custom_margin=&#8221;||10px||false|false&#8221; global_colors_info=&#8221;{}&#8221;]<\/p>\n<h2><span style=\"color: #ffffff;\">Zr\u00f3b pierwszy krok<\/span><\/h2>\n<p>[\/et_pb_text][et_pb_text _builder_version=&#8221;4.20.0&#8243; _module_preset=&#8221;767b48aa-c47f-4020-9fb4-2461a66294d0&#8243; text_orientation=&#8221;center&#8221; global_colors_info=&#8221;{}&#8221;]<\/p>\n<p><span style=\"color: #ffffff;\">skontaktuj si\u0119 z nami i sprawd\u017c, co mamy dla Ciebie w ofercie, porozmawiaj z nami o swoich wyzwaniach i celach, oczekiwaniacch i planach, dopasujemy form\u0119 wsparcia do Twoich potrzeb. Pozostaw nam sw\u00f3j adres email &#8211; skontaktujemy si\u0119 z Tob\u0105.<\/span><\/p>\n<p><span style=\"color: #ffffff;\">pozostawiaj\u0105c adres email zgadzasz si\u0119 na przetwarzanie danych osobowych przez nasz zesp\u00f3\u0142 w celu kontaktu, przes\u0142ania oferty. Obiecujemy, \u017ce nie spamujemy! wysy\u0142amy tylko niezb\u0119dne informacje.<\/span><\/p>\n<p>&nbsp;<\/p>\n<p>[\/et_pb_text][et_pb_signup provider=&#8221;mailerlite&#8221; mailerlite_list=&#8221;undefined|&#8221; first_name_field=&#8221;off&#8221; last_name_field=&#8221;off&#8221; button_text=&#8221;PROSZ\u0118 O KONTAKT&#8221; _builder_version=&#8221;4.25.1&#8243; _module_preset=&#8221;2193d1d8-766b-4d14-ac96-626f8f4a7520&#8243; form_field_background_color=&#8221;#FFFFFF&#8221; button_bg_color=&#8221;#000000&#8243; width=&#8221;79%&#8221; max_width=&#8221;77%&#8221; module_alignment=&#8221;center&#8221; custom_margin=&#8221;0px||||false|false&#8221; custom_padding=&#8221;0px||||false|false&#8221; link_option_url=&#8221;https:\/\/calendly.com\/martalenarczyk\/30min&#8221; link_option_url_new_window=&#8221;on&#8221; locked=&#8221;off&#8221; global_colors_info=&#8221;{%22gcid-606d042f-c90f-4ea6-97e7-7b08f1ba25f6%22:%91%22button_bg_color%22,%22form_field_text_color%22,%22border_color_all%22%93}&#8221;][\/et_pb_signup][\/et_pb_column][\/et_pb_row][\/et_pb_section][et_pb_section fb_built=&#8221;1&#8243; admin_label=&#8221;Footer&#8221; _builder_version=&#8221;4.27.6&#8243; _module_preset=&#8221;default&#8221; background_color=&#8221;rgba(183,145,104,0.66)&#8221; background_enable_image=&#8221;off&#8221; saved_tabs=&#8221;all&#8221; collapsed=&#8221;on&#8221; global_colors_info=&#8221;{%22gcid-606d042f-c90f-4ea6-97e7-7b08f1ba25f6%22:%91%22background_color_gradient_stops%22%93}&#8221;][et_pb_row column_structure=&#8221;1_2,1_2&#8243; _builder_version=&#8221;4.20.0&#8243; _module_preset=&#8221;default&#8221; global_colors_info=&#8221;{}&#8221;][et_pb_column type=&#8221;1_2&#8243; _builder_version=&#8221;4.20.0&#8243; _module_preset=&#8221;default&#8221; global_colors_info=&#8221;{}&#8221;][et_pb_text _builder_version=&#8221;4.20.0&#8243; _module_preset=&#8221;38bf4ada-5aa2-4507-877e-b8acd7456ff6&#8243; header_3_text_color=&#8221;#FFFFFF&#8221; custom_margin=&#8221;||10px||false|false&#8221; global_colors_info=&#8221;{}&#8221;]<\/p>\n<h3>Centrum Terapii i Rozwi\u0105za\u0144 Solutions<\/h3>\n<p>[\/et_pb_text][et_pb_text _builder_version=&#8221;4.20.0&#8243; _module_preset=&#8221;2bc1eaff-5828-475f-8b67-a001aaaea151&#8243; text_text_color=&#8221;#FFFFFF&#8221; global_colors_info=&#8221;{}&#8221;]<\/p>\n<p>Klaudia Ciekli\u0144ska<\/p>\n<p>Marta Lenarczyk<\/p>\n<p>adres email: kontakt.ctr@gmail.com<\/p>\n<p>&nbsp;<\/p>\n<p>[\/et_pb_text][\/et_pb_column][et_pb_column type=&#8221;1_2&#8243; _builder_version=&#8221;4.20.0&#8243; _module_preset=&#8221;default&#8221; global_colors_info=&#8221;{}&#8221;][\/et_pb_column][\/et_pb_row][et_pb_row _builder_version=&#8221;4.20.0&#8243; _module_preset=&#8221;default&#8221; custom_padding=&#8221;10px||10px||true|false&#8221; border_color_all=&#8221;#FFFFFF&#8221; border_width_top=&#8221;1px&#8221; global_colors_info=&#8221;{}&#8221;][et_pb_column type=&#8221;4_4&#8243; _builder_version=&#8221;4.20.0&#8243; _module_preset=&#8221;default&#8221; global_colors_info=&#8221;{}&#8221;][et_pb_text _builder_version=&#8221;4.20.0&#8243; _dynamic_attributes=&#8221;content&#8221; _module_preset=&#8221;2bc1eaff-5828-475f-8b67-a001aaaea151&#8243; text_text_color=&#8221;#FFFFFF&#8221; text_orientation=&#8221;center&#8221; global_colors_info=&#8221;{}&#8221;]@ET-DC@eyJkeW5hbWljIjp0cnVlLCJjb250ZW50IjoiY3VycmVudF9kYXRlIiwic2V0dGluZ3MiOnsiYmVmb3JlIjoiQ29weXJpZ2h0ICZjb3B5OyAiLCJhZnRlciI6IiBEaXZpLiBBbGwgUmlnaHRzIFJlc2VydmVkLiIsImRhdGVfZm9ybWF0IjoiY3VzdG9tIiwiY3VzdG9tX2RhdGVfZm9ybWF0IjoiWSJ9fQ==@[\/et_pb_text][\/et_pb_column][\/et_pb_row][\/et_pb_section]<\/p>\n","protected":false},"excerpt":{"rendered":"<p>centrum terapii i rozwi\u0105za\u0144 solutions W Centrum Terapii i Rozwi\u0105za\u0144 pomagamy osobom, kt\u00f3re przechodz\u0105 przez kryzys, do\u015bwiadczaj\u0105 napi\u0119cia emocjonalnego, trudno\u015bci w relacjach lub chc\u0105 lepiej zrozumie\u0107 siebie i swoje potrzeby. Pracujemy z m\u0142odzie\u017c\u0105, doros\u0142ymi, parami i rodzinami, \u0142\u0105cz\u0105c terapi\u0119, diagnoz\u0119 psychologiczn\u0105 oraz wsparcie rozwojowe. &nbsp;wspieramy w poszukiwaniu u\u017cytecznych rozwi\u0105za\u0144Wsparcie psychologiczne, terapia i diagnoza \u2014 dla [&hellip;]<\/p>\n","protected":false},"author":1,"featured_media":0,"parent":0,"menu_order":1,"comment_status":"closed","ping_status":"closed","template":"page-template-blank.php","meta":{"_et_pb_use_builder":"on","_et_pb_old_content":"","_et_gb_content_width":"","footnotes":""},"class_list":["post-31","page","type-page","status-publish","hentry"],"_links":{"self":[{"href":"https:\/\/ctrsolutions.pl\/index.php?rest_route=\/wp\/v2\/pages\/31","targetHints":{"allow":["GET"]}}],"collection":[{"href":"https:\/\/ctrsolutions.pl\/index.php?rest_route=\/wp\/v2\/pages"}],"about":[{"href":"https:\/\/ctrsolutions.pl\/index.php?rest_route=\/wp\/v2\/types\/page"}],"author":[{"embeddable":true,"href":"https:\/\/ctrsolutions.pl\/index.php?rest_route=\/wp\/v2\/users\/1"}],"replies":[{"embeddable":true,"href":"https:\/\/ctrsolutions.pl\/index.php?rest_route=%2Fwp%2Fv2%2Fcomments&post=31"}],"version-history":[{"count":31,"href":"https:\/\/ctrsolutions.pl\/index.php?rest_route=\/wp\/v2\/pages\/31\/revisions"}],"predecessor-version":[{"id":102,"href":"https:\/\/ctrsolutions.pl\/index.php?rest_route=\/wp\/v2\/pages\/31\/revisions\/102"}],"wp:attachment":[{"href":"https:\/\/ctrsolutions.pl\/index.php?rest_route=%2Fwp%2Fv2%2Fmedia&parent=31"}],"curies":[{"name":"wp","href":"https:\/\/api.w.org\/{rel}","templated":true}]}}